{"id":3,"date":"2018-09-14T09:28:23","date_gmt":"2018-09-14T09:28:23","guid":{"rendered":"http:\/\/medien.fokusdemenz.ch\/?page_id=3"},"modified":"2018-11-13T09:00:55","modified_gmt":"2018-11-13T09:00:55","slug":"datenschutzerklaerung","status":"publish","type":"page","link":"https:\/\/medien.fokusdemenz.ch\/index.php\/datenschutzerklaerung\/","title":{"rendered":"Datenschutzerkl\u00e4rung"},"content":{"rendered":"<h2>Wer wir sind<\/h2>\n<p>Die Adresse unserer WordPress Website ist: <a href=\"https:\/\/medien.fokusdemenz.ch\">https:\/\/medien.fokusdemenz.ch<\/a>. Hier ver\u00f6ffentlichen wir unser Freies Schulungsmaterial (&#171;Open Educational Resources&#187;) zu Betreuung und Begleitung von Personen mit Demenz.<br \/>\nUnsere Homepage ist <a href=\"http:\/\/www.fokusdemenz.ch\">www.fokusdemenz.ch.<\/a> Sie wird betrieben von<br \/>\nAG&amp;D Schweiz &#8211; Leben mit Demenz GmbH.<\/p>\n<h2>Welche personenbezogenen Daten wir sammeln und warum wir sie sammeln<\/h2>\n<h3>Kommentare<\/h3>\n<p>Wenn Besucher Kommentare auf der Website schreiben, sammeln wir die Daten, die im Kommentar-Formular angezeigt werden, ausserdem die IP-Adresse des Besuchers und den User-Agent-String (damit wird der Browser identifiziert), um die Erkennung von Spam zu unterst\u00fctzen.<\/p>\n<p>Aus Ihrer E-Mail-Adresse kann eine anonymisierte Zeichenfolge erstellt (auch Hash genannt) und dem Gravatar-Dienst \u00fcbergeben werden, um zu pr\u00fcfen, ob Sie diesen benutzen. Die Datenschutzerkl\u00e4rung des Gravatar-Dienstes finden Sie hier: https:\/\/automattic.com\/privacy\/. Nachdem Ihr Kommentar freigegeben wurde, ist Ihr Profilbild \u00f6ffentlich im Kontext Ihres Kommentars sichtbar.<\/p>\n<h3>Medien<\/h3>\n<p>Wenn Sie ein registrierter Benutzer sind und Fotos auf diese Website laden, sollten Sie vermeiden, Fotos mit einem EXIF-GPS-Standort hochzuladen. Besucher dieser Website k\u00f6nnten Fotos, die auf dieser Website gespeichert sind, downloaden und deren Standort-Informationen extrahieren.<\/p>\n<h3>Kontaktformulare<\/h3>\n<p>Zur Zeit verwenden wir keine Kontaktformulare.<\/p>\n<h3>Cookies<\/h3>\n<p>Wenn Sie einen Kommentar auf unserer Website schreiben, kann das eine Einwilligung sein, Ihren Namen, E-Mail-Adresse und Website in Cookies zu speichern. Dies ist eine Komfortfunktion, damit Sie nicht, wenn Sie einen weiteren Kommentar schreiben, all diese Daten erneut eingeben m\u00fcssen. Diese Cookies werden ein Jahr lang gespeichert.<\/p>\n<p>Falls Sie ein Konto haben und Sie sich auf dieser Website anmelden, werden wir ein tempor\u00e4res Cookie setzen, um festzustellen, ob Ihr Browser Cookies akzeptiert. Dieses Cookie enth\u00e4lt keine personenbezogenen Daten und wird verworfen, wenn Sie Ihren Browser schliessen.<\/p>\n<p>Wenn Sie sich anmelden, werden wir einige Cookies einrichten, um Ihre Anmeldeinformationen und Anzeigeoptionen zu speichern. Anmelde-Cookies verfallen nach zwei Tagen und Cookies f\u00fcr die Anzeigeoptionen nach einem Jahr. Falls Sie bei der Anmeldung \u201eAngemeldet bleiben\u201c ausw\u00e4hlen, wird Ihre Anmeldung zwei Wochen lang aufrechterhalten. Mit der Abmeldung aus Ihrem Konto werden die Anmelde-Cookies gel\u00f6scht.<\/p>\n<p>Wenn Sie einen Artikel bearbeiten oder ver\u00f6ffentlichen, wird ein zus\u00e4tzlicher Cookie in Ihrem Browser gespeichert. Dieser Cookie enth\u00e4lt keine personenbezogenen Daten und verweist nur auf die Beitrags-ID des Artikels, den Sie gerade bearbeitet haben. Der Cookie verf\u00e4llt nach einem Tag.<\/p>\n<h3>Eingebettete Inhalte von anderen Websites<\/h3>\n<p>Beitr\u00e4ge auf dieser Website k\u00f6nnen eingebettete Inhalte beinhalten (z.\u00a0B. Videos, Bilder, Beitr\u00e4ge etc.). Eingebettete Inhalte von anderen Websites verhalten sich exakt so, als ob der Besucher die andere Website besucht h\u00e4tte.<\/p>\n<p>Diese Websites k\u00f6nnen Daten \u00fcber Sie sammeln, Cookies benutzen, zus\u00e4tzliche Tracking-Dienste von Dritten einbetten und Ihre Interaktion mit diesem eingebetteten Inhalt aufzeichnen, inklusive Ihrer Interaktion mit dem eingebetteten Inhalt, falls Sie ein Konto haben und auf dieser Website angemeldet sind.<\/p>\n<h3>Analysedienste<\/h3>\n<p>Standardm\u00e4ssig sammelt WordPress keine Analysedaten.<\/p>\n<h2>Mit wem wir Ihre Daten teilen<\/h2>\n<p>Unsere Homepage wird von Cyon GmbH,\u00a0Brunng\u00e4sslein 12, CH \u2013 4052 Basel, gehostet.<br \/>\nHier geht es zur Datenschutzseite von Cyon:<br \/>\n<a href=\"https:\/\/www.cyon.ch\/legal\/privacy\">https:\/\/www.cyon.ch\/legal\/privacy<\/a><\/p>\n<p>Wir verwenden Plugins des norwegischen Projekts H5P:<br \/>\n<a href=\"https:\/\/h5p.org\/about-the-project\">https:\/\/h5p.org\/about-the-project<\/a>. Dieses schreibt zum Datenschutz:\u00a0<em>&#171;We may process and store personal data about your interactions using\u00a0<a href=\"https:\/\/github.com\/adlnet\/xAPI-Spec\/blob\/master\/xAPI-Data.md\" target=\"_blank\" rel=\"noopener\">xAPI<\/a>. We use the data to learn about how well the interactions are designed and how it could be adapted to improve the usability and your learning outcomes. The data is processed and stored [on our platform|on an external platform] until further notice.<br \/>\n<\/em><em>We may store the results of your interactions on our platform until further notice. The results may contain your score, the maximum score possible, when you started, when you finished, and how much time you used. We use the results to learn about how well you performed and to help us give you feedback.<br \/>\n<\/em><em>We may store interactive content that you create on our platform. We also may send anonymized reports about content creation without any personal data to the plugin creators. Please consult the\u00a0<a href=\"https:\/\/h5p.org\/tracking-the-usage-of-h5p\" target=\"_blank\" rel=\"noopener\">H5P tracking information<\/a>\u00a0page for details.<br \/>\n<\/em><em>If you use interactive content that contains a video that is hosted on YouTube, YouTube will set cookies on your computer. YouTube uses these cookies to help them and their partners to analyze the traffic to their websites. Please consult\u00a0<a href=\"https:\/\/policies.google.com\/privacy\">Google&#8217;s Privacy policy<\/a>\u00a0for details. It is our legitimate interest to use YouTube, because we we need their services for our interactive content and would not be able to provide you with their video content features otherwise.<br \/>\n<\/em><em>If you use interactive content that contains a Twitter feed, Twitter will set a cookie on your computer. Twitter uses these cookies to help them and their partners to make their advertizing more relevant to you. Please consult\u00a0<a href=\"https:\/\/twitter.com\/en\/privacy\">Twitter&#8217;s Privacy policy<\/a>for details. It is our legitimate interest to use Twitter, because we need their services for our interactive content and would not be able to provide you with it otherwise.<br \/>\n<\/em><em>If you use interactive content that contains speech recognition, Google Cloud will process your voice for converting it to text. Please consult\u00a0<a href=\"https:\/\/policies.google.com\/privacy\">Google&#8217;s Privacy policy<\/a>\u00a0for details. It is our legitimate interest to use Google Cloud, because we we need their services for our interactive content and would not be able to provide you with speech recognition features otherwise.&#187;<\/em><\/p>\n<p>Hier geht es zur Datenschutzseite von H5P:\u00a0<a href=\"https:\/\/h5p.org\/plugin-gdpr-compliance\">https:\/\/h5p.org\/plugin-gdpr-compliance.<\/a><\/p>\n<p><span style=\"color: #666666; font-size: 1.25rem;\">Wie lange wir deine Daten speichern<\/span><\/p>\n<p>Wenn Sie einen Kommentar schreiben, wird dieser inklusive Metadaten zeitlich unbegrenzt gespeichert. Auf diese Art k\u00f6nnen wir Folgekommentare automatisch erkennen und freigeben, anstelle sie in einer Moderations-Warteschlange festzuhalten.<\/p>\n<p>F\u00fcr Benutzer, die sich auf unserer Website registrieren, speichern wir zus\u00e4tzlich die pers\u00f6nlichen Informationen, die sie in ihren Benutzerprofilen angeben. Alle Benutzer k\u00f6nnen jederzeit ihre pers\u00f6nlichen Informationen einsehen, ver\u00e4ndern oder l\u00f6schen (der Benutzername kann nicht ver\u00e4ndert werden). Administratoren der Website k\u00f6nnen diese Informationen ebenfalls einsehen und ver\u00e4ndern.<\/p>\n<h2>Welche Rechte Sie an Ihren Daten haben<\/h2>\n<p>Wenn Sie ein Konto auf dieser Website besitzen oder Kommentare geschrieben haben, k\u00f6nnen Sie einen Export Ihrer personenbezogenen Daten bei uns anfordern, inklusive aller Daten, die Sie uns mitgeteilt haben. Dar\u00fcber hinaus k\u00f6nnen Sie die L\u00f6schung aller personenbezogenen Daten, die wir von Ihnen gespeichert haben, anfordern. Dies umfasst nicht die Daten, die wir aufgrund administrativer, rechtlicher oder sicherheitsrelevanter Notwendigkeiten aufbewahren m\u00fcssen.<\/p>\n<h2>Wohin wir Ihre Daten senden<\/h2>\n<p>Besucher-Kommentare k\u00f6nnten von einem automatisierten Dienst zur Spam-Erkennung untersucht werden.<\/p>\n<h2>Kontakt-Informationen<\/h2>\n<p>Verantwortlich f\u00fcr die Datenbearbeitungen, die wir hier beschreiben, ist<br \/>\nJean-Luc Moreau-Majer, Postfach, CH-3123 Belp.<br \/>\nWenn Sie datenschutzrechtliche Anliegen haben, k\u00f6nnen Sie uns diese an folgende Kontaktadresse mitteilen:<br \/>\nAG&amp;D Schweiz &#8211; Leben mit Demenz GmbH, Postfach, CH-3123 Belp,<br \/>\neMail:<a href=\"mailto:info@ag-d.ch\"> info@ag-d.ch<\/a>.<\/p>\n<h3><\/h3>\n","protected":false},"excerpt":{"rendered":"<p>Wer wir sind Die Adresse unserer WordPress Website ist: https:\/\/medien.fokusdemenz.ch. Hier ver\u00f6ffentlichen wir unser Freies Schulungsmaterial (&#171;Open Educational Resources&#187;) zu Betreuung und Begleitung von Personen mit Demenz. Unsere Homepage ist www.fokusdemenz.ch. Sie wird betrieben von AG&amp;D Schweiz &#8211; Leben mit Demenz GmbH. Welche personenbezogenen Daten wir sammeln und warum wir sie sammeln Kommentare Wenn Besucher &hellip; <a href=\"https:\/\/medien.fokusdemenz.ch\/index.php\/datenschutzerklaerung\/\" class=\"more-link\"><span class=\"screen-reader-text\">Datenschutzerkl\u00e4rung<\/span> weiterlesen<\/a><\/p>\n","protected":false},"author":1,"featured_media":0,"parent":0,"menu_order":0,"comment_status":"closed","ping_status":"open","template":"","meta":{"footnotes":""},"class_list":["post-3","page","type-page","status-publish","hentry"],"_links":{"self":[{"href":"https:\/\/medien.fokusdemenz.ch\/index.php\/wp-json\/wp\/v2\/pages\/3","targetHints":{"allow":["GET"]}}],"collection":[{"href":"https:\/\/medien.fokusdemenz.ch\/index.php\/wp-json\/wp\/v2\/pages"}],"about":[{"href":"https:\/\/medien.fokusdemenz.ch\/index.php\/wp-json\/wp\/v2\/types\/page"}],"author":[{"embeddable":true,"href":"https:\/\/medien.fokusdemenz.ch\/index.php\/wp-json\/wp\/v2\/users\/1"}],"replies":[{"embeddable":true,"href":"https:\/\/medien.fokusdemenz.ch\/index.php\/wp-json\/wp\/v2\/comments?post=3"}],"version-history":[{"count":10,"href":"https:\/\/medien.fokusdemenz.ch\/index.php\/wp-json\/wp\/v2\/pages\/3\/revisions"}],"predecessor-version":[{"id":109,"href":"https:\/\/medien.fokusdemenz.ch\/index.php\/wp-json\/wp\/v2\/pages\/3\/revisions\/109"}],"wp:attachment":[{"href":"https:\/\/medien.fokusdemenz.ch\/index.php\/wp-json\/wp\/v2\/media?parent=3"}],"curies":[{"name":"wp","href":"https:\/\/api.w.org\/{rel}","templated":true}]}}